{"id":16270,"date":"2024-06-29T11:10:26","date_gmt":"2024-06-29T11:10:26","guid":{"rendered":"http:\/\/xtratheme.com\/default\/?page_id=4"},"modified":"2024-11-12T14:42:15","modified_gmt":"2024-11-12T17:42:15","slug":"home","status":"publish","type":"page","link":"https:\/\/sitesadam.com.br\/modelo4\/","title":{"rendered":"Home"},"content":{"rendered":"<div class=\"wpb-content-wrapper\"><p>[vc_row][vc_column]<div class=\"cz_gap clr \" style=\"height: 50px\"><\/div><div class=\"cz_gap clr \" style=\"height: 50px\"><\/div>[vc_column_text css=&#8221;&#8221;]<\/p>\n<h3><strong>IN\u00cdCIO<\/strong><\/h3>\n<p class=\"brz-text-lg-justify brz-tp-paragraph\">Nosso objetivo \u00e9 fornecer formas adequadas para solucionar conflitos e para isso utilizamos os seguintes m\u00e9todos:<\/p>\n<p class=\"brz-text-lg-justify brz-tp-paragraph\"><strong>Concilia\u00e7\u00e3o<\/strong>, as pessoas envolvidas em um conflito recebem a ajuda de uma pessoa que est\u00e1 fora do problema, respons\u00e1vel por indicar maneiras de resolver a situa\u00e7\u00e3o. Essa alternativa \u00e9 utilizada nos casos onde o importante \u00e9 chegar a um o acordo.<\/p>\n<p class=\"brz-text-lg-justify brz-tp-paragraph\"><strong>Media\u00e7\u00e3o<\/strong>\u00a0\u00e9 indicada para os casos onde o acordo n\u00e3o \u00e9 o que mais importa, mas sim a rela\u00e7\u00e3o entre as pessoas, nesses casos os envolvidos devem encontrar juntas a solu\u00e7\u00e3o para o problema.<\/p>\n<p class=\"brz-text-lg-justify brz-tp-paragraph\"><strong>Arbitragem<\/strong>\u00a0\u00e9 utilizada quando as pessoas envolvidas em um conflito n\u00e3o aceitam as propostas de acordo e n\u00e3o conseguem encontrar juntas uma solu\u00e7\u00e3o, ent\u00e3o preferem que uma terceira pessoa decida a situa\u00e7\u00e3o. Esta pr\u00e1tica \u00e9 regulamentada pela Lei 9.307\/96.<\/p>\n<p>[\/vc_column_text]<div class=\"cz_gap clr \" style=\"height: 50px\"><\/div>[\/vc_column][\/vc_row][vc_row full_width=&#8221;stretch_row&#8221; css=&#8221;.vc_custom_1731433327407{background-color: #372E29 !important;}&#8221;][vc_column]<div class=\"cz_gap clr \" style=\"height: 50px\"><\/div><div class=\"cz_gap clr \" style=\"height: 50px\"><\/div>[vc_column_text css=&#8221;&#8221;]<\/p>\n<h3><span style=\"color: #ffffff;\"><strong>NOT\u00cdCIAS<\/strong><\/span><\/h3>\n<p>[\/vc_column_text]<div id=\"cz_107870\" class=\"cz_107870\"><div class=\"cz_grid cz_grid_1 clr cz_grid_c1 cz_grid_l1 cz_grid_1_title_sub_after cz_grid_1_no_image cz_grid_1_bot tal\" data-atts='{\"action\":\"cz_ajax_posts\",\"post_class\":\"cz_grid_item\",\"post__in\":null,\"author__in\":null,\"nonce\":\"97f0803836\",\"nonce_id\":\"cz_107870\",\"loadmore_end\":\"Not found more posts\",\"layout\":\"cz_grid_c1 cz_grid_l1\",\"hover\":\"cz_grid_1_title_sub_after cz_grid_1_no_image\",\"image_size\":\"codevz_1200_500\",\"subtitles\":\"%5B%7B%22t%22%3A%22date%22%7D%5D\",\"subtitle_pos\":\"\",\"icon\":\"fa fa-search\",\"el\":\"\",\"title_lenght\":\"\",\"cat_tax\":\"category\",\"cat\":\"\",\"cat_exclude\":\"\",\"tag_tax\":\"post_tag\",\"tag_id\":\"\",\"tag_exclude\":\"\",\"post_type\":\"post\",\"posts_per_page\":\"\",\"order\":\"DESC\",\"orderby\":\"date\",\"tilt_data\":null,\"svg_sizes\":[\"1200\",\"500\"],\"img_fx\":\"\",\"custom_size\":\"\",\"excerpt_rm\":\"true\",\"title_tag\":\"h3\",\"s\":\"\"}'><div class=\"cz_grid_item cz_grid_first\"><\/div><div data-id=\"16429\" class=\"cz_grid_item  cz_posts_list_even post-16429 post type-post status-publish format-standard hentry category-adamnews category-arbitragem category-noticias tag-adamnews tag-arbitragem tag-noticias\"><div class=\"clr\"><a class=\"cz_grid_link\" href=\"https:\/\/sitesadam.com.br\/modelo4\/custo-da-oportunidade-por-que-arbitragem-nao-e-aumento-de-despesa-mas-investimento-estrategico\/\" title=\"\u2018Custo da oportunidade\u2019: por que arbitragem n\u00e3o \u00e9 aumento de despesa, mas investimento estrat\u00e9gico\"><div class=\"cz_grid_details\"><i class=\"fa fa-search cz_grid_icon\"><\/i><\/div><\/a><div class=\"cz_grid_details cz_grid_details_outside\"><a class=\"cz_grid_title\" href=\"https:\/\/sitesadam.com.br\/modelo4\/custo-da-oportunidade-por-que-arbitragem-nao-e-aumento-de-despesa-mas-investimento-estrategico\/\"><h3>\u2018Custo da oportunidade\u2019: por que arbitragem n\u00e3o \u00e9 aumento de despesa, mas investimento estrat\u00e9gico<\/h3><\/a><small class=\"clr\"><span class=\"cz_post_data cz_data_date\"><a href=\"https:\/\/sitesadam.com.br\/modelo4\/custo-da-oportunidade-por-que-arbitragem-nao-e-aumento-de-despesa-mas-investimento-estrategico\/\" aria-label=\"Post date\">28 de janeiro de 2026<\/a><\/span><\/small><\/div><\/div><\/div><div data-id=\"16427\" class=\"cz_grid_item  cz_posts_list_odd post-16427 post type-post status-publish format-standard hentry category-adamnews category-arbitragem category-noticias tag-adamnews tag-arbitragem tag-noticias\"><div class=\"clr\"><a class=\"cz_grid_link\" href=\"https:\/\/sitesadam.com.br\/modelo4\/arbitragem-como-economizar\/\" title=\"Arbitragem: como economizar?\"><div class=\"cz_grid_details\"><i class=\"fa fa-search cz_grid_icon\"><\/i><\/div><\/a><div class=\"cz_grid_details cz_grid_details_outside\"><a class=\"cz_grid_title\" href=\"https:\/\/sitesadam.com.br\/modelo4\/arbitragem-como-economizar\/\"><h3>Arbitragem: como economizar?<\/h3><\/a><small class=\"clr\"><span class=\"cz_post_data cz_data_date\"><a href=\"https:\/\/sitesadam.com.br\/modelo4\/arbitragem-como-economizar\/\" aria-label=\"Post date\">17 de dezembro de 2025<\/a><\/span><\/small><\/div><\/div><\/div><div data-id=\"16410\" class=\"cz_grid_item  cz_posts_list_even post-16410 post type-post status-publish format-standard hentry category-adamnews category-arbitragem category-mediacao category-noticias tag-adamnews tag-arbitragem tag-mediacao tag-noticias\"><div class=\"clr\"><a class=\"cz_grid_link\" href=\"https:\/\/sitesadam.com.br\/modelo4\/consequencialismo-e-as-nulidades-nos-contratos-administrativos\/\" title=\"Consequencialismo e as nulidades nos contratos administrativos\"><div class=\"cz_grid_details\"><i class=\"fa fa-search cz_grid_icon\"><\/i><\/div><\/a><div class=\"cz_grid_details cz_grid_details_outside\"><a class=\"cz_grid_title\" href=\"https:\/\/sitesadam.com.br\/modelo4\/consequencialismo-e-as-nulidades-nos-contratos-administrativos\/\"><h3>Consequencialismo e as nulidades nos contratos administrativos<\/h3><\/a><small class=\"clr\"><span class=\"cz_post_data cz_data_date\"><a href=\"https:\/\/sitesadam.com.br\/modelo4\/consequencialismo-e-as-nulidades-nos-contratos-administrativos\/\" aria-label=\"Post date\">5 de dezembro de 2025<\/a><\/span><\/small><\/div><\/div><\/div><div data-id=\"16412\" class=\"cz_grid_item  cz_posts_list_odd post-16412 post type-post status-publish format-standard hentry category-adamnews category-arbitragem category-mediacao category-noticias tag-adamnews tag-arbitragem tag-mediacao tag-noticias\"><div class=\"clr\"><a class=\"cz_grid_link\" href=\"https:\/\/sitesadam.com.br\/modelo4\/dispute-boards-prevencao-de-conflitos-e-eficiencia-contratual\/\" title=\"Dispute boards: preven\u00e7\u00e3o de conflitos e efici\u00eancia contratual\"><div class=\"cz_grid_details\"><i class=\"fa fa-search cz_grid_icon\"><\/i><\/div><\/a><div class=\"cz_grid_details cz_grid_details_outside\"><a class=\"cz_grid_title\" href=\"https:\/\/sitesadam.com.br\/modelo4\/dispute-boards-prevencao-de-conflitos-e-eficiencia-contratual\/\"><h3>Dispute boards: preven\u00e7\u00e3o de conflitos e efici\u00eancia contratual<\/h3><\/a><small class=\"clr\"><span class=\"cz_post_data cz_data_date\"><a href=\"https:\/\/sitesadam.com.br\/modelo4\/dispute-boards-prevencao-de-conflitos-e-eficiencia-contratual\/\" aria-label=\"Post date\">1 de dezembro de 2025<\/a><\/span><\/small><\/div><\/div><\/div><\/div><\/div><div class=\"cz_gap clr \" style=\"height: 50px\"><\/div><div class=\"cz_gap clr \" style=\"height: 50px\"><\/div>[\/vc_column][\/vc_row]<\/p>\n<\/div>","protected":false},"excerpt":{"rendered":"<p>[vc_row][vc_column][vc_column_text css=&#8221;&#8221;] IN\u00cdCIO Nosso objetivo \u00e9 fornecer formas adequadas para solucionar conflitos e para isso utilizamos os seguintes m\u00e9todos: Concilia\u00e7\u00e3o, as pessoas envolvidas em um &#8230; <a class=\"cz_readmore\" href=\"https:\/\/sitesadam.com.br\/modelo4\/dispute-boards-prevencao-de-conflitos-e-eficiencia-contratual\/\"><i class=\"fa czico-107-web-link\" aria-hidden=\"true\"><\/i><span>Read More<\/span><\/a><\/p>\n","protected":false},"author":2,"featured_media":0,"parent":0,"menu_order":0,"comment_status":"closed","ping_status":"closed","template":"","meta":{"footnotes":""},"_links":{"self":[{"href":"https:\/\/sitesadam.com.br\/modelo4\/wp-json\/wp\/v2\/pages\/16270"}],"collection":[{"href":"https:\/\/sitesadam.com.br\/modelo4\/wp-json\/wp\/v2\/pages"}],"about":[{"href":"https:\/\/sitesadam.com.br\/modelo4\/wp-json\/wp\/v2\/types\/page"}],"author":[{"embeddable":true,"href":"https:\/\/sitesadam.com.br\/modelo4\/wp-json\/wp\/v2\/users\/2"}],"replies":[{"embeddable":true,"href":"https:\/\/sitesadam.com.br\/modelo4\/wp-json\/wp\/v2\/comments?post=16270"}],"version-history":[{"count":12,"href":"https:\/\/sitesadam.com.br\/modelo4\/wp-json\/wp\/v2\/pages\/16270\/revisions"}],"predecessor-version":[{"id":16425,"href":"https:\/\/sitesadam.com.br\/modelo4\/wp-json\/wp\/v2\/pages\/16270\/revisions\/16425"}],"wp:attachment":[{"href":"https:\/\/sitesadam.com.br\/modelo4\/wp-json\/wp\/v2\/media?parent=16270"}],"curies":[{"name":"wp","href":"https:\/\/api.w.org\/{rel}","templated":true}]}}