{"id":10050,"date":"2021-06-15T14:02:17","date_gmt":"2021-06-15T17:02:17","guid":{"rendered":"http:\/\/sitesadam.com.br\/modelo3\/?page_id=10050"},"modified":"2023-05-10T09:36:54","modified_gmt":"2023-05-10T12:36:54","slug":"inicio","status":"publish","type":"page","link":"https:\/\/sitesadam.com.br\/modelo3\/inicio\/","title":{"rendered":"In\u00edcio"},"content":{"rendered":"<div class=\"brz-bg-media\">\n<p class=\"brz-bg-color\" style=\"text-align: justify;\"><span style=\"color: #000000;\">Nosso objetivo \u00e9 fornecer formas adequadas para solucionar conflitos e para isso utilizamos os seguintes m\u00e9todos:<\/span><\/p>\n<\/div>\n<div class=\"brz-bg-content\">\n<div class=\"brz-container__wrap css-16e3gxi\">\n<div class=\"brz-container css-1ptl1a3\">\n<div class=\"brz-wrapper css-6fvry1\">\n<div class=\"brz-d-xs-flex css-laz546\">\n<div class=\"brz-rich-text\" data-custom-id=\"easrbaaswo\">\n<p class=\"brz-text-lg-justify brz-tp-paragraph\" style=\"text-align: justify;\"><span style=\"color: #000000;\"><strong>Concilia\u00e7\u00e3o<\/strong>, as pessoas envolvidas em um conflito recebem a ajuda de uma pessoa que est\u00e1 fora do problema, respons\u00e1vel por indicar maneiras de resolver a situa\u00e7\u00e3o. Essa alternativa \u00e9 utilizada nos casos onde o importante \u00e9 chegar a um o acordo.<\/span><\/p>\n<p class=\"brz-text-lg-justify brz-tp-paragraph\" style=\"text-align: justify;\"><span style=\"color: #000000;\"><strong>Media\u00e7\u00e3o<\/strong>&nbsp;\u00e9 indicada para os casos onde o acordo n\u00e3o \u00e9 o que mais importa, mas sim a rela\u00e7\u00e3o entre as pessoas, nesses casos os envolvidos devem encontrar juntas a solu\u00e7\u00e3o para o problema.<\/span><\/p>\n<p class=\"brz-text-lg-justify brz-tp-paragraph\" style=\"text-align: justify;\"><span style=\"color: #000000;\"><strong>Arbitragem<\/strong>&nbsp;\u00e9 utilizada quando as pessoas envolvidas em um conflito n\u00e3o aceitam as propostas de acordo e n\u00e3o conseguem encontrar juntas uma solu\u00e7\u00e3o, ent\u00e3o preferem que uma terceira pessoa decida a situa\u00e7\u00e3o. Esta pr\u00e1tica \u00e9 regulamentada pela Lei 9.307\/96.<\/span><\/p>\n<\/div>\n<\/div>\n<\/div>\n<\/div>\n<\/div>\n<\/div>\n","protected":false},"excerpt":{"rendered":"<p>Nosso objetivo \u00e9 fornecer formas adequadas para solucionar conflitos e para isso utilizamos os seguintes m\u00e9todos: Concilia\u00e7\u00e3o, as pessoas envolvidas em um conflito recebem a ajuda de uma pessoa que est\u00e1 fora do problema, respons\u00e1vel por indicar maneiras de resolver a situa\u00e7\u00e3o. Essa alternativa \u00e9 utilizada nos casos onde o importante \u00e9 chegar a um [&hellip;]<\/p>\n","protected":false},"author":2,"featured_media":0,"parent":0,"menu_order":0,"comment_status":"closed","ping_status":"closed","template":"","meta":[],"_links":{"self":[{"href":"https:\/\/sitesadam.com.br\/modelo3\/wp-json\/wp\/v2\/pages\/10050"}],"collection":[{"href":"https:\/\/sitesadam.com.br\/modelo3\/wp-json\/wp\/v2\/pages"}],"about":[{"href":"https:\/\/sitesadam.com.br\/modelo3\/wp-json\/wp\/v2\/types\/page"}],"author":[{"embeddable":true,"href":"https:\/\/sitesadam.com.br\/modelo3\/wp-json\/wp\/v2\/users\/2"}],"replies":[{"embeddable":true,"href":"https:\/\/sitesadam.com.br\/modelo3\/wp-json\/wp\/v2\/comments?post=10050"}],"version-history":[{"count":4,"href":"https:\/\/sitesadam.com.br\/modelo3\/wp-json\/wp\/v2\/pages\/10050\/revisions"}],"predecessor-version":[{"id":10309,"href":"https:\/\/sitesadam.com.br\/modelo3\/wp-json\/wp\/v2\/pages\/10050\/revisions\/10309"}],"wp:attachment":[{"href":"https:\/\/sitesadam.com.br\/modelo3\/wp-json\/wp\/v2\/media?parent=10050"}],"curies":[{"name":"wp","href":"https:\/\/api.w.org\/{rel}","templated":true}]}}